{"id":1195,"date":"2019-01-03T12:15:19","date_gmt":"2019-01-03T12:15:19","guid":{"rendered":"http:\/\/enedenu.com\/web\/?page_id=1195"},"modified":"2019-11-19T12:38:15","modified_gmt":"2019-11-19T11:38:15","slug":"el-estudio","status":"publish","type":"page","link":"http:\/\/enedenu.com\/ca\/el-estudio\/","title":{"rendered":"L&#8217;ESTUDI"},"content":{"rendered":"<div id=\"pl-1195\"  class=\"panel-layout\" ><div id=\"pg-1195-0\"  class=\"panel-grid panel-has-style\" ><div class=\"slide_estudi siteorigin-panels-stretch panel-row-style panel-row-style-for-1195-0\" data-stretch-type=\"full-stretched\" ><div id=\"pgc-1195-0-0\"  class=\"panel-grid-cell\" ><div id=\"panel-1195-0-0-0\" class=\"so-panel widget widget_media_image panel-first-child panel-last-child\" data-index=\"0\" ><div class=\"panel-widget-style panel-widget-style-for-1195-0-0-0\" ><img fetchpriority=\"high\" decoding=\"async\" width=\"2560\" height=\"522\" src=\"http:\/\/enedenu.com\/wp-content\/uploads\/2019\/11\/estudio1-min.jpg\" class=\"image wp-image-3381  attachment-full size-full\" alt=\"\" style=\"max-width: 100%; height: auto;\" \/><\/div><\/div><\/div><\/div><\/div><div id=\"pg-1195-1\"  class=\"panel-grid panel-no-style\" ><div id=\"pgc-1195-1-0\"  class=\"panel-grid-cell\" ><div id=\"panel-1195-1-0-0\" class=\"widget_text so-panel widget widget_custom_html panel-first-child\" data-index=\"1\" ><div class=\"textwidget custom-html-widget\"><div class=\"title_elestudio\">L'ESTUDI<\/div><\/div><\/div><div id=\"panel-1195-1-0-1\" class=\"so-panel widget widget_text panel-last-child\" data-index=\"2\" >\t\t\t<div class=\"textwidget\"><p>Eneden\u00fa \u00e9s un estudi de disseny gr\u00e0fic i web, fundat a Barcelona l&#8217;any 2010.<\/p>\n<p>Treballem sota una filosofia senzilla i transparent, mitjan\u00e7ant la qual generem idees creatives que sorgeixen d&#8217;una relaci\u00f3 propera i de complicitat amb els nostres clients. Gr\u00e0cies a una llarga traject\u00f2ria en els sectors del disseny gr\u00e0fic i desenvolupament web, oferim un servei personalitzat i de qualitat, adaptant-nos a les necessitats de cada projecte.<\/p>\n<\/div>\n\t\t<\/div><\/div><\/div><div id=\"pg-1195-2\"  class=\"panel-grid panel-no-style\" ><div id=\"pgc-1195-2-0\"  class=\"panel-grid-cell\" ><div id=\"panel-1195-2-0-0\" class=\"so-panel widget widget_media_image panel-first-child panel-last-child\" data-index=\"3\" ><img decoding=\"async\" width=\"1200\" height=\"800\" src=\"http:\/\/enedenu.com\/wp-content\/uploads\/2019\/11\/estudio2-min.jpg\" class=\"image wp-image-3386  attachment-full size-full\" alt=\"\" style=\"max-width: 100%; height: auto;\" srcset=\"http:\/\/enedenu.com\/wp-content\/uploads\/2019\/11\/estudio2-min.jpg 1200w, http:\/\/enedenu.com\/wp-content\/uploads\/2019\/11\/estudio2-min-272x182.jpg 272w\" sizes=\"(max-width: 1200px) 100vw, 1200px\" \/><\/div><\/div><div id=\"pgc-1195-2-1\"  class=\"panel-grid-cell\" ><div id=\"panel-1195-2-1-0\" class=\"so-panel widget widget_media_image panel-first-child panel-last-child\" data-index=\"4\" ><img decoding=\"async\" width=\"1200\" height=\"800\" src=\"http:\/\/enedenu.com\/wp-content\/uploads\/2019\/11\/estudio3-min.jpg\" class=\"image wp-image-3389  attachment-full size-full\" alt=\"\" style=\"max-width: 100%; height: auto;\" srcset=\"http:\/\/enedenu.com\/wp-content\/uploads\/2019\/11\/estudio3-min.jpg 1200w, http:\/\/enedenu.com\/wp-content\/uploads\/2019\/11\/estudio3-min-272x182.jpg 272w\" sizes=\"(max-width: 1200px) 100vw, 1200px\" \/><\/div><\/div><div id=\"pgc-1195-2-2\"  class=\"panel-grid-cell\" ><div id=\"panel-1195-2-2-0\" class=\"so-panel widget widget_media_image panel-first-child panel-last-child\" data-index=\"5\" ><img loading=\"lazy\" decoding=\"async\" width=\"1200\" height=\"800\" src=\"http:\/\/enedenu.com\/wp-content\/uploads\/2019\/11\/estudio4-min.jpg\" class=\"image wp-image-3392  attachment-full size-full\" alt=\"\" style=\"max-width: 100%; height: auto;\" srcset=\"http:\/\/enedenu.com\/wp-content\/uploads\/2019\/11\/estudio4-min.jpg 1200w, http:\/\/enedenu.com\/wp-content\/uploads\/2019\/11\/estudio4-min-272x182.jpg 272w\" sizes=\"(max-width: 1200px) 100vw, 1200px\" \/><\/div><\/div><\/div><div id=\"pg-1195-3\"  class=\"panel-grid panel-no-style\" ><div id=\"pgc-1195-3-0\"  class=\"panel-grid-cell\" ><div id=\"panel-1195-3-0-0\" class=\"widget_text so-panel widget widget_custom_html panel-first-child\" data-index=\"6\" ><div class=\"widget_text panel-widget-style panel-widget-style-for-1195-3-0-0\" ><div class=\"textwidget custom-html-widget\"><\/div><\/div><\/div><div id=\"panel-1195-3-0-1\" class=\"widget_text so-panel widget widget_custom_html panel-last-child\" data-index=\"7\" ><div class=\"widget_text panel-widget-style panel-widget-style-for-1195-3-0-1\" ><div class=\"textwidget custom-html-widget\"><div class=\"title_quehacemos\"><span>QU\u00c8 FEM<\/span><\/div><\/div><\/div><\/div><\/div><\/div><div id=\"pg-1195-4\"  class=\"panel-grid panel-no-style\" ><div id=\"pgc-1195-4-0\"  class=\"panel-grid-cell\" ><div id=\"panel-1195-4-0-0\" class=\"widget_text so-panel widget widget_custom_html panel-first-child panel-last-child\" data-index=\"8\" ><div class=\"widget_text panel-widget-style panel-widget-style-for-1195-4-0-0\" ><div class=\"textwidget custom-html-widget\"><div class=\"serveis\">\n\t<div>\n\t\t<img decoding=\"async\" src=\"http:\/\/enedenu.com\/wp-content\/uploads\/2019\/01\/serveis_identitat.svg\">\n\t<\/div>\n\t<div>\n\t\tIDENTITAT CORPORATIVA\n\t<\/div>\n<\/div><\/div><\/div><\/div><\/div><div id=\"pgc-1195-4-1\"  class=\"panel-grid-cell\" ><div id=\"panel-1195-4-1-0\" class=\"widget_text so-panel widget widget_custom_html panel-first-child panel-last-child\" data-index=\"9\" ><div class=\"widget_text panel-widget-style panel-widget-style-for-1195-4-1-0\" ><div class=\"textwidget custom-html-widget\"><div class=\"serveis\">\n\t<div>\n\t\t<img decoding=\"async\" src=\"http:\/\/enedenu.com\/wp-content\/uploads\/2019\/01\/serveis_publicitaria.svg\">\n\t<\/div>\n\t<div>\n\t\tGR\u00c0FICA PUBLICITARIA\n\t<\/div>\n<\/div><\/div><\/div><\/div><\/div><div id=\"pgc-1195-4-2\"  class=\"panel-grid-cell\" ><div id=\"panel-1195-4-2-0\" class=\"widget_text so-panel widget widget_custom_html panel-first-child panel-last-child\" data-index=\"10\" ><div class=\"widget_text panel-widget-style panel-widget-style-for-1195-4-2-0\" ><div class=\"textwidget custom-html-widget\"><div class=\"serveis\">\n\t<div>\n\t\t<img decoding=\"async\" src=\"http:\/\/enedenu.com\/wp-content\/uploads\/2019\/01\/serveis_editorial.svg\">\n\t<\/div>\n\t<div>\n\t\tDISSENY EDITORIAL\n\t<\/div>\n<\/div><\/div><\/div><\/div><\/div><div id=\"pgc-1195-4-3\"  class=\"panel-grid-cell\" ><div id=\"panel-1195-4-3-0\" class=\"widget_text so-panel widget widget_custom_html panel-first-child panel-last-child\" data-index=\"11\" ><div class=\"widget_text panel-widget-style panel-widget-style-for-1195-4-3-0\" ><div class=\"textwidget custom-html-widget\"><div class=\"serveis\">\n\t<div>\n\t\t<img decoding=\"async\" src=\"http:\/\/enedenu.com\/wp-content\/uploads\/2019\/01\/serveis_digital.svg\">\n\t<\/div>\n\t<div>\n\t\tGR\u00c0FICA DIGITAL\n\t<\/div>\n<\/div><\/div><\/div><\/div><\/div><div id=\"pgc-1195-4-4\"  class=\"panel-grid-cell\" ><div id=\"panel-1195-4-4-0\" class=\"widget_text so-panel widget widget_custom_html panel-first-child panel-last-child\" data-index=\"12\" ><div class=\"widget_text panel-widget-style panel-widget-style-for-1195-4-4-0\" ><div class=\"textwidget custom-html-widget\"><div class=\"serveis\">\n\t<div>\n\t\t<img decoding=\"async\" src=\"http:\/\/enedenu.com\/wp-content\/uploads\/2019\/01\/serveis_packaging.svg\">\n\t<\/div>\n\t<div>\n\t\tPACKAGING\n\t<\/div>\n<\/div><\/div><\/div><\/div><\/div><div id=\"pgc-1195-4-5\"  class=\"panel-grid-cell\" ><div id=\"panel-1195-4-5-0\" class=\"widget_text so-panel widget widget_custom_html panel-first-child panel-last-child\" data-index=\"13\" ><div class=\"widget_text panel-widget-style panel-widget-style-for-1195-4-5-0\" ><div class=\"textwidget custom-html-widget\"><div class=\"serveis\">\n\t<div>\n\t\t<img decoding=\"async\" src=\"http:\/\/enedenu.com\/wp-content\/uploads\/2019\/01\/serveis_espais.svg\">\n\t<\/div>\n\t<div>\n\t\tESPAIS I ROTULACI\u00d3\n\t<\/div>\n<\/div><\/div><\/div><\/div><\/div><\/div><div id=\"pg-1195-5\"  class=\"panel-grid panel-no-style\" ><div id=\"pgc-1195-5-0\"  class=\"panel-grid-cell\" ><div id=\"panel-1195-5-0-0\" class=\"widget_text so-panel widget widget_custom_html panel-first-child panel-last-child\" data-index=\"14\" ><div class=\"widget_text panel-widget-style panel-widget-style-for-1195-5-0-0\" ><div class=\"textwidget custom-html-widget\"><\/div><\/div><\/div><\/div><\/div><\/div>","protected":false},"excerpt":{"rendered":"<p>Eneden\u00fa \u00e9s un estudi de disseny gr\u00e0fic i web, fundat a Barcelona l&#8217;any 2010. Treballem sota una filosofia senzilla i transparent, mitjan\u00e7ant la qual generem idees creatives que sorgeixen d&#8217;una relaci\u00f3 propera i de complicitat amb els nostres clients. Gr\u00e0cies a una llarga traject\u00f2ria en els sectors del disseny gr\u00e0fic i desenvolupament web, oferim un [&hellip;]<\/p>\n","protected":false},"author":1,"featured_media":0,"parent":0,"menu_order":0,"comment_status":"closed","ping_status":"closed","template":"","meta":{"footnotes":""},"class_list":["post-1195","page","type-page","status-publish","hentry"],"_links":{"self":[{"href":"http:\/\/enedenu.com\/ca\/wp-json\/wp\/v2\/pages\/1195","targetHints":{"allow":["GET"]}}],"collection":[{"href":"http:\/\/enedenu.com\/ca\/wp-json\/wp\/v2\/pages"}],"about":[{"href":"http:\/\/enedenu.com\/ca\/wp-json\/wp\/v2\/types\/page"}],"author":[{"embeddable":true,"href":"http:\/\/enedenu.com\/ca\/wp-json\/wp\/v2\/users\/1"}],"replies":[{"embeddable":true,"href":"http:\/\/enedenu.com\/ca\/wp-json\/wp\/v2\/comments?post=1195"}],"version-history":[{"count":116,"href":"http:\/\/enedenu.com\/ca\/wp-json\/wp\/v2\/pages\/1195\/revisions"}],"predecessor-version":[{"id":3837,"href":"http:\/\/enedenu.com\/ca\/wp-json\/wp\/v2\/pages\/1195\/revisions\/3837"}],"wp:attachment":[{"href":"http:\/\/enedenu.com\/ca\/wp-json\/wp\/v2\/media?parent=1195"}],"curies":[{"name":"wp","href":"https:\/\/api.w.org\/{rel}","templated":true}]}}