{"id":1329,"date":"2019-01-04T09:18:14","date_gmt":"2019-01-04T09:18:14","guid":{"rendered":"http:\/\/enedenu.com\/web\/?page_id=1329"},"modified":"2020-01-28T10:54:57","modified_gmt":"2020-01-28T09:54:57","slug":"que-hacemos","status":"publish","type":"page","link":"http:\/\/enedenu.com\/ca\/que-hacemos\/","title":{"rendered":"QU\u00c8 FEM"},"content":{"rendered":"<div id=\"pl-1329\"  class=\"panel-layout\" ><div id=\"pg-1329-0\"  class=\"panel-grid panel-has-style\" ><div class=\"panel-row-style panel-row-style-for-1329-0\" ><div id=\"pgc-1329-0-0\"  class=\"panel-grid-cell\" ><div id=\"panel-1329-0-0-0\" class=\"so-panel widget widget_sow-accordion panel-first-child panel-last-child\" data-index=\"0\" ><div\n\t\t\t\n\t\t\tclass=\"so-widget-sow-accordion so-widget-sow-accordion-default-99be652ed941-1329\"\n\t\t\t\n\t\t><div>\n\t<div class=\"sow-accordion\">\n\t\t\t<div class=\"sow-accordion-panel\n\t\t\t\t\"\n\t\t\tdata-anchor-id=\"identitat-corporativa\">\n\t\t\t\t<div class=\"sow-accordion-panel-header-container\" role=\"heading\" aria-level=\"2\">\n\t\t\t\t\t<div class=\"sow-accordion-panel-header\" tabindex=\"0\" role=\"button\" id=\"accordion-label-identitat-corporativa\" aria-controls=\"accordion-content-identitat-corporativa\" aria-expanded=\"false\">\n\t\t\t\t\t\t<div class=\"sow-accordion-title sow-accordion-title-icon-left\">\n\t\t\t\t\t\t\t\t\t\t\t\t\t\t<img decoding=\"async\" class=\"img_serveis\" src=\"http:\/\/enedenu.com\/wp-content\/uploads\/2019\/01\/serveis_identitat.svg\" \/>Identitat corporativa\t\t\t\t\t\t\t\t\t\t\t\t\t<\/div>\n\t\t\t\t\t\t<div class=\"sow-accordion-open-close-button\">\n\t\t\t\t\t\t\t<div class=\"sow-accordion-open-button\">\n\t\t\t\t\t\t\t\t<span class=\"sow-icon-ionicons\" data-sow-icon=\"&#xf218;\"\n\t\t \n\t\taria-hidden=\"true\"><\/span>\t\t\t\t\t\t\t<\/div>\n\t\t\t\t\t\t\t<div class=\"sow-accordion-close-button\">\n\t\t\t\t\t\t\t\t<span class=\"sow-icon-ionicons\" data-sow-icon=\"&#xf209;\"\n\t\t \n\t\taria-hidden=\"true\"><\/span>\t\t\t\t\t\t\t<\/div>\n\t\t\t\t\t\t<\/div>\n\t\t\t\t\t<\/div>\n\t\t\t\t<\/div>\n\n\t\t\t<div\n\t\t\t\tclass=\"sow-accordion-panel-content\"\n\t\t\t\trole=\"region\"\n\t\t\t\taria-labelledby=\"accordion-label-identitat-corporativa\"\n\t\t\t\tid=\"accordion-content-identitat-corporativa\"\n\t\t\t\tstyle=\"display: none;\"\t\t\t>\n\t\t\t\t<div class=\"sow-accordion-panel-border\">\n\t\t\t\t\t<p>Creem o actualitzem el disseny de la teva marca, mantenint la coher\u00e8ncia entre la imatge corporativa i la visi\u00f3, els valors i la personalitat de la teva empresa o projecte.<\/p>\n<ul>\n<li>Disseny de Logotip<\/li>\n<li>Creaci\u00f3 Identitat Corporativa<\/li>\n<li>Manual Identitat Corporativa<\/li>\n<li>Papereria Corporativa<\/li>\n<li>Targetes de visita<\/li>\n<li>Carpetes Corporatives<\/li>\n<li>Marxandatge corporatiu<\/li>\n<li>...<\/li>\n<\/ul>\t\t\t\t<\/div>\n\t\t\t<\/div>\n\t\t<\/div>\n\t\t\t<div class=\"sow-accordion-panel\n\t\t\t\t\"\n\t\t\tdata-anchor-id=\"grafica-publicitaria\">\n\t\t\t\t<div class=\"sow-accordion-panel-header-container\" role=\"heading\" aria-level=\"2\">\n\t\t\t\t\t<div class=\"sow-accordion-panel-header\" tabindex=\"0\" role=\"button\" id=\"accordion-label-gr%c3%a0fica-publicit%c3%a0ria\" aria-controls=\"accordion-content-gr%c3%a0fica-publicit%c3%a0ria\" aria-expanded=\"false\">\n\t\t\t\t\t\t<div class=\"sow-accordion-title sow-accordion-title-icon-left\">\n\t\t\t\t\t\t\t\t\t\t\t\t\t\t<img decoding=\"async\" class=\"img_serveis\" src=\"http:\/\/enedenu.com\/wp-content\/uploads\/2019\/01\/serveis_publicitaria.svg\" \/>Gr\u00e0fica Publicit\u00e0ria\t\t\t\t\t\t\t\t\t\t\t\t\t<\/div>\n\t\t\t\t\t\t<div class=\"sow-accordion-open-close-button\">\n\t\t\t\t\t\t\t<div class=\"sow-accordion-open-button\">\n\t\t\t\t\t\t\t\t<span class=\"sow-icon-ionicons\" data-sow-icon=\"&#xf218;\"\n\t\t \n\t\taria-hidden=\"true\"><\/span>\t\t\t\t\t\t\t<\/div>\n\t\t\t\t\t\t\t<div class=\"sow-accordion-close-button\">\n\t\t\t\t\t\t\t\t<span class=\"sow-icon-ionicons\" data-sow-icon=\"&#xf209;\"\n\t\t \n\t\taria-hidden=\"true\"><\/span>\t\t\t\t\t\t\t<\/div>\n\t\t\t\t\t\t<\/div>\n\t\t\t\t\t<\/div>\n\t\t\t\t<\/div>\n\n\t\t\t<div\n\t\t\t\tclass=\"sow-accordion-panel-content\"\n\t\t\t\trole=\"region\"\n\t\t\t\taria-labelledby=\"accordion-label-gr%c3%a0fica-publicit%c3%a0ria\"\n\t\t\t\tid=\"accordion-content-gr%c3%a0fica-publicit%c3%a0ria\"\n\t\t\t\tstyle=\"display: none;\"\t\t\t>\n\t\t\t\t<div class=\"sow-accordion-panel-border\">\n\t\t\t\t\t<p>Dissenyem les diferents peces de la identitat corporativa de la teva marca o projecte, mitjan\u00e7ant una imatge visual cridanera i personalitzada, que impacti al client final.<\/p>\n<ul>\n<li>Flyers i Postals<\/li>\n<li>D\u00edptics, Tr\u00edptics i Quatr\u00edptics<\/li>\n<li>Cartells i P\u00f2sters<\/li>\n<li>Opis, Tanques i Banderoles<\/li>\n<li>Publicitat en Gran Format<\/li>\n<li>Roll-ups i Photocalls<\/li>\n<li>Infograf\u00edes<\/li>\n<li>Calendari<\/li>\n<li>...<\/li>\n<\/ul>\t\t\t\t<\/div>\n\t\t\t<\/div>\n\t\t<\/div>\n\t\t\t<div class=\"sow-accordion-panel\n\t\t\t\t\"\n\t\t\tdata-anchor-id=\"disseny-editorial\">\n\t\t\t\t<div class=\"sow-accordion-panel-header-container\" role=\"heading\" aria-level=\"2\">\n\t\t\t\t\t<div class=\"sow-accordion-panel-header\" tabindex=\"0\" role=\"button\" id=\"accordion-label-disseny-editorial\" aria-controls=\"accordion-content-disseny-editorial\" aria-expanded=\"false\">\n\t\t\t\t\t\t<div class=\"sow-accordion-title sow-accordion-title-icon-left\">\n\t\t\t\t\t\t\t\t\t\t\t\t\t\t<img decoding=\"async\" class=\"img_serveis\" src=\"http:\/\/enedenu.com\/wp-content\/uploads\/2019\/01\/serveis_editorial.svg\" \/>Disseny editorial\t\t\t\t\t\t\t\t\t\t\t\t\t<\/div>\n\t\t\t\t\t\t<div class=\"sow-accordion-open-close-button\">\n\t\t\t\t\t\t\t<div class=\"sow-accordion-open-button\">\n\t\t\t\t\t\t\t\t<span class=\"sow-icon-ionicons\" data-sow-icon=\"&#xf218;\"\n\t\t \n\t\taria-hidden=\"true\"><\/span>\t\t\t\t\t\t\t<\/div>\n\t\t\t\t\t\t\t<div class=\"sow-accordion-close-button\">\n\t\t\t\t\t\t\t\t<span class=\"sow-icon-ionicons\" data-sow-icon=\"&#xf209;\"\n\t\t \n\t\taria-hidden=\"true\"><\/span>\t\t\t\t\t\t\t<\/div>\n\t\t\t\t\t\t<\/div>\n\t\t\t\t\t<\/div>\n\t\t\t\t<\/div>\n\n\t\t\t<div\n\t\t\t\tclass=\"sow-accordion-panel-content\"\n\t\t\t\trole=\"region\"\n\t\t\t\taria-labelledby=\"accordion-label-disseny-editorial\"\n\t\t\t\tid=\"accordion-content-disseny-editorial\"\n\t\t\t\tstyle=\"display: none;\"\t\t\t>\n\t\t\t\t<div class=\"sow-accordion-panel-border\">\n\t\t\t\t\t<p>Realitzem la gr\u00e0fica del teu projecte editorial, conservant la coher\u00e8ncia entre la seva imatge i la seva identitat, atorgant-li aix\u00ed un valor afegit, personal i impactant.<\/p>\n<ul>\n<li>Cobertes per Llibres, Cat\u00e0legs i Revistes<\/li>\n<li>Maquetaci\u00f3 interior Llibres, Cat\u00e0legs i Revistes<\/li>\n<li>Disseny Col\u00b7lecci\u00f3 Llibres<\/li>\n<li>Anuncis per Prensa i Revistes<\/li>\n<li>Dossiers Corporatius<\/li>\n<li>Presentacions Corporatives<\/li>\n<li>Mem\u00f2ries<\/li>\n<li>Men\u00fas i Cartes per a Restaurants<\/li>\n<li>...<\/li>\n<\/ul>\t\t\t\t<\/div>\n\t\t\t<\/div>\n\t\t<\/div>\n\t\t\t<div class=\"sow-accordion-panel\n\t\t\t\t\"\n\t\t\tdata-anchor-id=\"grafica-digital\">\n\t\t\t\t<div class=\"sow-accordion-panel-header-container\" role=\"heading\" aria-level=\"2\">\n\t\t\t\t\t<div class=\"sow-accordion-panel-header\" tabindex=\"0\" role=\"button\" id=\"accordion-label-gr%c3%a0fica-digital\" aria-controls=\"accordion-content-gr%c3%a0fica-digital\" aria-expanded=\"false\">\n\t\t\t\t\t\t<div class=\"sow-accordion-title sow-accordion-title-icon-left\">\n\t\t\t\t\t\t\t\t\t\t\t\t\t\t<img decoding=\"async\" class=\"img_serveis\" src=\"http:\/\/enedenu.com\/wp-content\/uploads\/2019\/01\/serveis_digital.svg\" \/>Gr\u00e0fica digital\t\t\t\t\t\t\t\t\t\t\t\t\t<\/div>\n\t\t\t\t\t\t<div class=\"sow-accordion-open-close-button\">\n\t\t\t\t\t\t\t<div class=\"sow-accordion-open-button\">\n\t\t\t\t\t\t\t\t<span class=\"sow-icon-ionicons\" data-sow-icon=\"&#xf218;\"\n\t\t \n\t\taria-hidden=\"true\"><\/span>\t\t\t\t\t\t\t<\/div>\n\t\t\t\t\t\t\t<div class=\"sow-accordion-close-button\">\n\t\t\t\t\t\t\t\t<span class=\"sow-icon-ionicons\" data-sow-icon=\"&#xf209;\"\n\t\t \n\t\taria-hidden=\"true\"><\/span>\t\t\t\t\t\t\t<\/div>\n\t\t\t\t\t\t<\/div>\n\t\t\t\t\t<\/div>\n\t\t\t\t<\/div>\n\n\t\t\t<div\n\t\t\t\tclass=\"sow-accordion-panel-content\"\n\t\t\t\trole=\"region\"\n\t\t\t\taria-labelledby=\"accordion-label-gr%c3%a0fica-digital\"\n\t\t\t\tid=\"accordion-content-gr%c3%a0fica-digital\"\n\t\t\t\tstyle=\"display: none;\"\t\t\t>\n\t\t\t\t<div class=\"sow-accordion-panel-border\">\n\t\t\t\t\t<p>Adaptem la identitat de la teva marca o projecte a les plataformes digitals mitjan\u00e7ant la gr\u00e0fica i el desenvolupament web, perqu\u00e8 aconsegueixis major pres\u00e8ncia en Internet.<\/p>\n<ul>\n<li>Disseny i Desenvolupament Web<\/li>\n<li><em>Disseny Responsive<\/em><\/li>\n<li>Manteniment i actualitzacions de p\u00e0gines web<\/li>\n<li>Disseny i programaci\u00f3 Newsletters<\/li>\n<li>Gr\u00e0fica per Xarxes Socials<\/li>\n<li>Banners<\/li>\n<li>Documents interactius<\/li>\n<li>Presentacions Digitals<\/li>\n<li>...<\/li>\n<\/ul>\t\t\t\t<\/div>\n\t\t\t<\/div>\n\t\t<\/div>\n\t\t\t<div class=\"sow-accordion-panel\n\t\t\t\t\"\n\t\t\tdata-anchor-id=\"packaging\">\n\t\t\t\t<div class=\"sow-accordion-panel-header-container\" role=\"heading\" aria-level=\"2\">\n\t\t\t\t\t<div class=\"sow-accordion-panel-header\" tabindex=\"0\" role=\"button\" id=\"accordion-label-packaging\" aria-controls=\"accordion-content-packaging\" aria-expanded=\"false\">\n\t\t\t\t\t\t<div class=\"sow-accordion-title sow-accordion-title-icon-left\">\n\t\t\t\t\t\t\t\t\t\t\t\t\t\t<img decoding=\"async\" class=\"img_serveis\" src=\"http:\/\/enedenu.com\/wp-content\/uploads\/2019\/01\/serveis_packaging.svg\" \/>Packaging\t\t\t\t\t\t\t\t\t\t\t\t\t<\/div>\n\t\t\t\t\t\t<div class=\"sow-accordion-open-close-button\">\n\t\t\t\t\t\t\t<div class=\"sow-accordion-open-button\">\n\t\t\t\t\t\t\t\t<span class=\"sow-icon-ionicons\" data-sow-icon=\"&#xf218;\"\n\t\t \n\t\taria-hidden=\"true\"><\/span>\t\t\t\t\t\t\t<\/div>\n\t\t\t\t\t\t\t<div class=\"sow-accordion-close-button\">\n\t\t\t\t\t\t\t\t<span class=\"sow-icon-ionicons\" data-sow-icon=\"&#xf209;\"\n\t\t \n\t\taria-hidden=\"true\"><\/span>\t\t\t\t\t\t\t<\/div>\n\t\t\t\t\t\t<\/div>\n\t\t\t\t\t<\/div>\n\t\t\t\t<\/div>\n\n\t\t\t<div\n\t\t\t\tclass=\"sow-accordion-panel-content\"\n\t\t\t\trole=\"region\"\n\t\t\t\taria-labelledby=\"accordion-label-packaging\"\n\t\t\t\tid=\"accordion-content-packaging\"\n\t\t\t\tstyle=\"display: none;\"\t\t\t>\n\t\t\t\t<div class=\"sow-accordion-panel-border\">\n\t\t\t\t\t<p>Integrem la visi\u00f3, els valors i la personalitat de la teva marca per a aconseguir la millor carta de presentaci\u00f3 davant el potencial consumidor.<\/p>\n<ul>\n<li>Packs<\/li>\n<li>Gr\u00e0fica d'Env\u00e0s<\/li>\n<li>Caixes<\/li>\n<li>Bosses<\/li>\n<li>Etiquetes<\/li>\n<li>Adhesius per a envasos<\/li>\n<li>...<\/li>\n<\/ul>\t\t\t\t<\/div>\n\t\t\t<\/div>\n\t\t<\/div>\n\t\t\t<div class=\"sow-accordion-panel\n\t\t\t\t\"\n\t\t\tdata-anchor-id=\"espais-i-rotulacio\">\n\t\t\t\t<div class=\"sow-accordion-panel-header-container\" role=\"heading\" aria-level=\"2\">\n\t\t\t\t\t<div class=\"sow-accordion-panel-header\" tabindex=\"0\" role=\"button\" id=\"accordion-label-espais-i-rotulaci%c3%b3\" aria-controls=\"accordion-content-espais-i-rotulaci%c3%b3\" aria-expanded=\"false\">\n\t\t\t\t\t\t<div class=\"sow-accordion-title sow-accordion-title-icon-left\">\n\t\t\t\t\t\t\t\t\t\t\t\t\t\t<img decoding=\"async\" class=\"img_serveis\" src=\"http:\/\/enedenu.com\/wp-content\/uploads\/2019\/01\/serveis_espais.svg\" \/>Espais i rotulaci\u00f3\t\t\t\t\t\t\t\t\t\t\t\t\t<\/div>\n\t\t\t\t\t\t<div class=\"sow-accordion-open-close-button\">\n\t\t\t\t\t\t\t<div class=\"sow-accordion-open-button\">\n\t\t\t\t\t\t\t\t<span class=\"sow-icon-ionicons\" data-sow-icon=\"&#xf218;\"\n\t\t \n\t\taria-hidden=\"true\"><\/span>\t\t\t\t\t\t\t<\/div>\n\t\t\t\t\t\t\t<div class=\"sow-accordion-close-button\">\n\t\t\t\t\t\t\t\t<span class=\"sow-icon-ionicons\" data-sow-icon=\"&#xf209;\"\n\t\t \n\t\taria-hidden=\"true\"><\/span>\t\t\t\t\t\t\t<\/div>\n\t\t\t\t\t\t<\/div>\n\t\t\t\t\t<\/div>\n\t\t\t\t<\/div>\n\n\t\t\t<div\n\t\t\t\tclass=\"sow-accordion-panel-content\"\n\t\t\t\trole=\"region\"\n\t\t\t\taria-labelledby=\"accordion-label-espais-i-rotulaci%c3%b3\"\n\t\t\t\tid=\"accordion-content-espais-i-rotulaci%c3%b3\"\n\t\t\t\tstyle=\"display: none;\"\t\t\t>\n\t\t\t\t<div class=\"sow-accordion-panel-border\">\n\t\t\t\t\t<p>Plantegem solucions per a implementar o millorar la visualitzaci\u00f3 de marca dels nostres clients en espais interiors i\/o exteriors<\/p>\n<ul>\n<li>Stand<\/li>\n<li>Expositor<\/li>\n<li>Rotulaci\u00f3 exterior<\/li>\n<li>Vinils <em>(interiors i exteriors)<\/em><\/li>\n<li>Senyal\u00e8tica<\/li>\n<li>Rotulaci\u00f3 veh\u00edcles<\/li>\n<\/ul>\t\t\t\t<\/div>\n\t\t\t<\/div>\n\t\t<\/div>\n\t\t<\/div>\n<\/div>\n<\/div><\/div><\/div><\/div><\/div><\/div>","protected":false},"excerpt":{"rendered":"<p>Identitat corporativa Creem o actualitzem el disseny de la teva marca, mantenint la coher\u00e8ncia entre la imatge corporativa i la visi\u00f3, els valors i la personalitat de la teva empresa o projecte. Disseny de Logotip Creaci\u00f3 Identitat Corporativa Manual Identitat Corporativa Papereria Corporativa Targetes de visita Carpetes Corporatives Marxandatge corporatiu &#8230; Gr\u00e0fica Publicit\u00e0ria Dissenyem les [&hellip;]<\/p>\n","protected":false},"author":1,"featured_media":0,"parent":0,"menu_order":0,"comment_status":"closed","ping_status":"closed","template":"","meta":{"footnotes":""},"class_list":["post-1329","page","type-page","status-publish","hentry"],"_links":{"self":[{"href":"http:\/\/enedenu.com\/ca\/wp-json\/wp\/v2\/pages\/1329","targetHints":{"allow":["GET"]}}],"collection":[{"href":"http:\/\/enedenu.com\/ca\/wp-json\/wp\/v2\/pages"}],"about":[{"href":"http:\/\/enedenu.com\/ca\/wp-json\/wp\/v2\/types\/page"}],"author":[{"embeddable":true,"href":"http:\/\/enedenu.com\/ca\/wp-json\/wp\/v2\/users\/1"}],"replies":[{"embeddable":true,"href":"http:\/\/enedenu.com\/ca\/wp-json\/wp\/v2\/comments?post=1329"}],"version-history":[{"count":81,"href":"http:\/\/enedenu.com\/ca\/wp-json\/wp\/v2\/pages\/1329\/revisions"}],"predecessor-version":[{"id":3911,"href":"http:\/\/enedenu.com\/ca\/wp-json\/wp\/v2\/pages\/1329\/revisions\/3911"}],"wp:attachment":[{"href":"http:\/\/enedenu.com\/ca\/wp-json\/wp\/v2\/media?parent=1329"}],"curies":[{"name":"wp","href":"https:\/\/api.w.org\/{rel}","templated":true}]}}