{"id":3632,"date":"2019-11-15T16:22:46","date_gmt":"2019-11-15T15:22:46","guid":{"rendered":"http:\/\/enedenu.com\/web\/?page_id=3632"},"modified":"2019-11-15T16:28:54","modified_gmt":"2019-11-15T15:28:54","slug":"grafica-publicitaria","status":"publish","type":"page","link":"http:\/\/enedenu.com\/ca\/proyectos\/grafica-publicitaria\/","title":{"rendered":"Projectes &#8211; Gr\u00e0fica publicit\u00e0ria"},"content":{"rendered":"<div id=\"pl-3632\"  class=\"panel-layout\" ><div id=\"pg-3632-0\"  class=\"panel-grid panel-no-style\" ><div id=\"pgc-3632-0-0\"  class=\"panel-grid-cell\" ><div id=\"panel-3632-0-0-0\" class=\"widget_text so-panel widget widget_custom_html panel-first-child panel-last-child\" data-index=\"0\" ><div class=\"textwidget custom-html-widget\"><div class=\"filtres-projectes\">\n\t<ul>\n\t\t<li><a href=\"http:\/\/www.enedenu.com\/web\/proyectos\/\">Tots<\/a><\/li>\n\t\t<li><a href=\"http:\/\/www.enedenu.com\/web\/proyectos\/identidad-corporativa\">Identitat corporativa<\/a><\/li>\n\t\t<li class=\"select\">Gr\u00e0fica publicit\u00e0ria<\/li>\n\t\t<li><a href=\"http:\/\/www.enedenu.com\/web\/proyectos\/editorial\">Disseny editorial<\/a><\/li>\n\t\t<li><a href=\"http:\/\/www.enedenu.com\/web\/proyectos\/grafica-digital\">Gr\u00e0fica digital<\/a><\/li>\n\t\t<li><a href=\"http:\/\/www.enedenu.com\/web\/proyectos\/packaging\">Packaging<\/a><\/li>\n\t\t<li><a href=\"http:\/\/www.enedenu.com\/web\/proyectos\/espacios-y-rotulacion\">Espais i rotulaci\u00f3<\/a><\/li>\n\t<\/ul>\n<\/div><\/div><\/div><\/div><\/div><div id=\"pg-3632-1\"  class=\"panel-grid panel-no-style\" ><div id=\"pgc-3632-1-0\"  class=\"panel-grid-cell\" ><div id=\"panel-3632-1-0-0\" class=\"so-panel widget panel-first-child panel-last-child\" data-index=\"1\" ><\/div><\/div><\/div><\/div>","protected":false},"excerpt":{"rendered":"<p>Tots Identitat corporativa Gr\u00e0fica publicit\u00e0ria Disseny editorial Gr\u00e0fica digital Packaging Espais i rotulaci\u00f3<\/p>\n","protected":false},"author":1,"featured_media":0,"parent":1386,"menu_order":0,"comment_status":"closed","ping_status":"closed","template":"","meta":{"footnotes":""},"class_list":["post-3632","page","type-page","status-publish","hentry"],"_links":{"self":[{"href":"http:\/\/enedenu.com\/ca\/wp-json\/wp\/v2\/pages\/3632","targetHints":{"allow":["GET"]}}],"collection":[{"href":"http:\/\/enedenu.com\/ca\/wp-json\/wp\/v2\/pages"}],"about":[{"href":"http:\/\/enedenu.com\/ca\/wp-json\/wp\/v2\/types\/page"}],"author":[{"embeddable":true,"href":"http:\/\/enedenu.com\/ca\/wp-json\/wp\/v2\/users\/1"}],"replies":[{"embeddable":true,"href":"http:\/\/enedenu.com\/ca\/wp-json\/wp\/v2\/comments?post=3632"}],"version-history":[{"count":8,"href":"http:\/\/enedenu.com\/ca\/wp-json\/wp\/v2\/pages\/3632\/revisions"}],"predecessor-version":[{"id":3652,"href":"http:\/\/enedenu.com\/ca\/wp-json\/wp\/v2\/pages\/3632\/revisions\/3652"}],"up":[{"embeddable":true,"href":"http:\/\/enedenu.com\/ca\/wp-json\/wp\/v2\/pages\/1386"}],"wp:attachment":[{"href":"http:\/\/enedenu.com\/ca\/wp-json\/wp\/v2\/media?parent=3632"}],"curies":[{"name":"wp","href":"https:\/\/api.w.org\/{rel}","templated":true}]}}