{"id":2183,"date":"2019-01-08T08:53:18","date_gmt":"2019-01-08T08:53:18","guid":{"rendered":"http:\/\/enedenu.com\/web\/?page_id=2183"},"modified":"2019-01-08T08:53:47","modified_gmt":"2019-01-08T08:53:47","slug":"aviso-legal","status":"publish","type":"page","link":"https:\/\/enedenu.com\/ca\/aviso-legal\/","title":{"rendered":"Av\u00eds legal"},"content":{"rendered":"<h1>Av\u00eds legal<\/h1>\n<p>L&#8217;acc\u00e9s i \u00fas d&#8217;aquesta p\u00e0gina web i la informaci\u00f3 que aquesta cont\u00e9, implica l&#8217;acceptaci\u00f3 plena i el compliment dels termes i condicions del present av\u00eds legal.<\/p>\n<h3>Informaci\u00f3 general<\/h3>\n<p>Aquesta p\u00e0gina web \u00e9s el lloc web corporatiu de Eneden\u00fa i la seva activitat professional, servint com a eina per a promocionar el seu treball, contactar amb clients i ser un canal de comunicaci\u00f3.<\/p>\n<h3>Condicions d&#8217;\u00fas<\/h3>\n<p>Mitjan\u00e7ant la p\u00e0gina web <em>www.enedenu.com<\/em><\/p>\n<p>es facilita als Usuaris l&#8217;acc\u00e9s general a la informaci\u00f3 i contingut que aquesta ofereix.<\/p>\n<p>L&#8217;Usuari es compromet a no utilitzar cap dels continguts que Eneden\u00fa posi a la seva disposici\u00f3 per desenvolupar activitats contr\u00e0ries a les lleis, a la moral oa l&#8217;ordre p\u00fablic; de no ser aix\u00ed, l&#8217;Usuari respondr\u00e0, enfront de Eneden\u00fa i \/ o enfront de tercers, de qualsevol danys i perjudicis que poguessin causar com a conseq\u00fc\u00e8ncia de l&#8217;incompliment d&#8217;aquesta obligaci\u00f3.<\/p>\n<p>Eneden\u00fa es reserva el dret a interrompre l&#8217;acc\u00e9s del seu lloc web, aix\u00ed com a modificar la configuraci\u00f3, contingut o disseny del mateix, de manera temporal o definitiva, quan aix\u00ed ho estimi convenient i sense previ av\u00eds, ja sigui per motius t\u00e8cnics, de seguretat, de control, de manteniment o per qualsevol altra causa.<\/p>\n<h3>Propietat Intel\u00b7lectual o Industrial<\/h3>\n<p>Els drets de la Propietat Intel\u00b7lectual de tots els continguts i disseny gr\u00e0fic d&#8217;aquesta p\u00e0gina web s\u00f3n propietat de Eneden\u00fa. La reproducci\u00f3, c\u00f2pia, \u00fas i \/ o comercialitzaci\u00f3 sense consentiment previ, expr\u00e9s i per escrit, constitueix una infracci\u00f3 dels drets de propietat intel\u00b7lectual de Eneden\u00fa, sancionable per la legislaci\u00f3 vigent.<\/p>\n<p>No obstant aix\u00f2, la difusi\u00f3 de la imatge i continguts de Eneden\u00fa en blogs, webs i xarxes socials est\u00e0 permesa sempre que es faci menci\u00f3 a l&#8217;autoria de Eneden\u00fa, afegint, com a m\u00ednim, el seu nom i URL de la seva p\u00e0gina web al costat del contingut compartit .<\/p>\n<p>Aix\u00ed mateix, l&#8217;Usuari reconeix que la informaci\u00f3 a la qual pot accedir a trav\u00e9s de la p\u00e0gina web, pot estar protegida pels drets de Propietat Industrial, Intel\u00b7lectual o d&#8217;una altra \u00edndole. Eneden\u00fa no ser\u00e0 responsable, en cap cas i sota cap concepte, de les infraccions d&#8217;aquests drets que puguin ser comeses per l&#8217;Usuari.<\/p>\n<h3>Exclusi\u00f3 de responsabilitat<\/h3>\n<p>Eneden\u00fa no es responsabilitza de la mala utilitzaci\u00f3 dels continguts d&#8217;aquesta p\u00e0gina web per part de l&#8217;Usuari, sent aquest l&#8217;\u00fanic responsable de les infraccions en qu\u00e8 pugui inc\u00f3rrer.<\/p>\n<p>Eneden\u00fa no es responsabilitza del contingut pertanyent als diferents enlla\u00e7os i links inclosos en aquest lloc web, aix\u00ed com tampoc de les seves Avisos Legals, Pol\u00edtica de privacitat i \/ o Pol\u00edtica de Galetes. El present Av\u00eds Legal nom\u00e9s s&#8217;aplica a les accions realitzades en aquesta p\u00e0gina web.<\/p>\n<p>Eneden\u00fa no es responsabilitza en cas que existeixin interrupcions en la visualitzaci\u00f3 d&#8217;aquesta p\u00e0gina web, demores, errors, mal funcionament i, en general altres inconvenients que tinguin origen i causes aliens a Eneden\u00fa.<\/p>\n<p>Eneden\u00fa no es responsabilitza en cap cas dels danys i perjudicis que es poguessin ocasionar en els equips dels usuaris per la visita a aquest lloc web, ja sigui per error o omissi\u00f3 en els continguts, o per la transmissi\u00f3 d&#8217;algun programa malici\u00f3s que es produeixi, tot i haver pres les mesures inform\u00e0tiques necess\u00e0ries per evitar-ho.<\/p>\n<p><em>* Aquestes condicions podran ser modificades en qualsevol moment, atenent a l&#8217;evoluci\u00f3 d&#8217;aquesta p\u00e0gina web i els continguts que s&#8217;hi ofereixen.<\/em><\/p>\n<p>&nbsp;<\/p>\n<hr>\n<p>&nbsp;<\/p>\n<h1>Pol\u00edtica de privacitat<\/h1>\n<p>Totes les dades de car\u00e0cter personal que siguin facilitades per l&#8217;Usuari mitjan\u00e7ant qualsevol de les vies de comunicaci\u00f3 presents en aquesta p\u00e0gina web (correu electr\u00f2nic, formulari de contacte, etc.) seran tractades amb estricta confidencialitat d&#8217;acord amb la normativa de protecci\u00f3 de dades (Llei Org\u00e0nica 15\/1999 de 13 de desembre de Protecci\u00f3 de Dades de Car\u00e0cter Personal, el Reial Decret 1720\/2007 de 21 de desembre, pel qual s&#8217;aprova el Reglament de desenvolupament de la Llei Org\u00e0nica i altra normativa vigent).<\/p>\n<p>Aix\u00ed mateix, aquestes dades no seran incorporades a cap tipus de fitxer d&#8217;emmagatzematge, ja que l&#8217;\u00fanic objectiu de les vies de comunicaci\u00f3 ofertes \u00e9s facilitar a l&#8217;Usuari el contacte amb Eneden\u00fa. Un cop establerta la comunicaci\u00f3, Eneden\u00fa no guardar\u00e0, no cedir\u00e0 a tercers i no utilitzar\u00e0 aquestes dades.<\/p>\n<p>Mitjan\u00e7ant l&#8217;enviament d&#8217;un missatge de correu electr\u00f2nic per part de l&#8217;Usuari, aquest presta el seu consentiment a que Eneden\u00fa pugui establir contacte amb ell a manera de resposta.<\/p>\n<p>&nbsp;<\/p>\n<hr>\n<p>&nbsp;<\/p>\n<h1>Pol\u00edtica de cookies<\/h1>\n<h3>Qu\u00e8 s\u00f3n les cookies?<\/h3>\n<p>Una <em>cookie<\/em>&nbsp;\u00e9s un petit fitxer de text que s&#8217;emmagatzema en el navegador de l&#8217;Usuari quan aquest visita gaireb\u00e9 qualsevol p\u00e0gina web. Les <em>cookies<\/em> solen emmagatzemar informaci\u00f3 de car\u00e0cter t\u00e8cnic, prefer\u00e8ncies personals, personalitzaci\u00f3 de continguts o estad\u00edstiques d&#8217;\u00fas, entre d&#8217;altres, amb l&#8217;objectiu d&#8217;adaptar el contingut de la p\u00e0gina web al perfil i les necessitats de l&#8217;Usuari.<\/p>\n<h3>Qu\u00e8&nbsp;<em>cookies<\/em> utilitzem?<\/h3>\n<p>Aquest lloc web utilitza <em>cookies<\/em> pr\u00f2pies i de tercers en els processos interns de funcionament, per tal de millorar la navegaci\u00f3 de l&#8217;Usuari, i en cap cas s&#8217;utilitzen per a l&#8217;adquisici\u00f3 de dades personals identificatives de la mateixa.<\/p>\n<h3>Com pots configurar les <em>cookies<\/em>?<\/h3>\n<p>L&#8217;Usuari t\u00e9 la possibilitat de configurar els seus navegadors d&#8217;Internet per obtenir un millor coneixement i control de les <em>cookies<\/em>. Pot ser advertit pr\u00e8viament a la seva instal\u00b7laci\u00f3 i impedir-la si \u00e9s la seva voluntat.<\/p>\n<p>Si aix\u00ed ho desitja, l&#8217;Usuari pot gestionar l&#8217;\u00fas de <em>cookies<\/em> mitjan\u00e7ant el navegador del seu ordinador. En els seg\u00fcents enlla\u00e7os pot trobar informaci\u00f3 sobre les <em>cookies<\/em> instal\u00b7lades, permetre la seva instal\u00b7laci\u00f3, bloquejar o eliminar-les de la seva quipo.<\/p>\n<p><strong>Firefox<\/strong> \u2013 <a href=\"https:\/\/support.mozilla.org\/es\/products\/firefox\/privacity-and-security\/cookies\">https:\/\/support.mozilla.org\/es\/products\/firefox\/privacity-and-security\/cookies<\/a><\/p>\n<p><strong>Chrome<\/strong> \u2013 <a href=\"https:\/\/support.google.com\/chrome\/bin\/answer.py?hl=es&amp;answer=95647\">https:\/\/support.google.com\/chrome\/bin\/answer.py?hl=es&amp;answer=95647<\/a><\/p>\n<p><strong>Safari<\/strong> \u2013 <a href=\"http:\/\/support.apple.com\/kb\/ph5042\">http:\/\/support.apple.com\/kb\/ph5042<\/a><\/p>\n<p><strong>Explorer<\/strong> \u2013 <a href=\"http:\/\/windows.microsoft.com\/es-es\/windows7\/how-to-manage-cookies-in-internet-explorer-9\">http:\/\/windows.microsoft.com\/es-es\/windows7\/how-to-manage-cookies-in-internet-explorer-9<\/a><\/p>\n<h3>Notes addicionals<\/h3>\n<p>Els navegadors web s\u00f3n les eines encarregades d&#8217;emmagatzemar les <em>cookies<\/em> i des d&#8217;ells pot efectuar-se el dret de l&#8217;Usuari a l&#8217;eliminaci\u00f3 o desactivaci\u00f3 de les mateixes. Eneden\u00fa no pot garantir la correcta o incorrecta manipulaci\u00f3 de les <em>cookies<\/em> per part dels esmentats navegadors.<\/p>\n<p>En alguns casos \u00e9s necessari instal\u00b7lar <em>cookies<\/em> perqu\u00e8 el navegador no oblidi la seva decisi\u00f3 de no acceptaci\u00f3 de les mateixes.<\/p>\n","protected":false},"excerpt":{"rendered":"<p>Av\u00eds legal L&#8217;acc\u00e9s i \u00fas d&#8217;aquesta p\u00e0gina web i la informaci\u00f3 que aquesta cont\u00e9, implica l&#8217;acceptaci\u00f3 plena i el compliment dels termes i condicions del present av\u00eds legal. Informaci\u00f3 general Aquesta p\u00e0gina web \u00e9s el lloc web corporatiu de Eneden\u00fa i la seva activitat professional, servint com a eina per a promocionar el seu treball, [&hellip;]<\/p>\n","protected":false},"author":1,"featured_media":0,"parent":0,"menu_order":0,"comment_status":"closed","ping_status":"closed","template":"","meta":{"footnotes":""},"class_list":["post-2183","page","type-page","status-publish","hentry"],"_links":{"self":[{"href":"https:\/\/enedenu.com\/ca\/wp-json\/wp\/v2\/pages\/2183","targetHints":{"allow":["GET"]}}],"collection":[{"href":"https:\/\/enedenu.com\/ca\/wp-json\/wp\/v2\/pages"}],"about":[{"href":"https:\/\/enedenu.com\/ca\/wp-json\/wp\/v2\/types\/page"}],"author":[{"embeddable":true,"href":"https:\/\/enedenu.com\/ca\/wp-json\/wp\/v2\/users\/1"}],"replies":[{"embeddable":true,"href":"https:\/\/enedenu.com\/ca\/wp-json\/wp\/v2\/comments?post=2183"}],"version-history":[{"count":2,"href":"https:\/\/enedenu.com\/ca\/wp-json\/wp\/v2\/pages\/2183\/revisions"}],"predecessor-version":[{"id":2185,"href":"https:\/\/enedenu.com\/ca\/wp-json\/wp\/v2\/pages\/2183\/revisions\/2185"}],"wp:attachment":[{"href":"https:\/\/enedenu.com\/ca\/wp-json\/wp\/v2\/media?parent=2183"}],"curies":[{"name":"wp","href":"https:\/\/api.w.org\/{rel}","templated":true}]}}